{"id":4516,"date":"2026-04-22T19:07:47","date_gmt":"2026-04-22T17:07:47","guid":{"rendered":"https:\/\/www.3dprintrg.sk\/?post_type=product&#038;p=4516"},"modified":"2026-04-22T19:07:48","modified_gmt":"2026-04-22T17:07:48","slug":"narezavac-na-kvaskovy-chlebik","status":"publish","type":"product","link":"https:\/\/www.3dprintrg.sk\/cz\/produkt\/narezavac-na-kvaskovy-chlebik\/","title":{"rendered":"Narez\u00e1va\u010d na kv\u00e1skovy chleb\u00edk"},"content":{"rendered":"<p>\u0160tylov\u00fd praktick\u00fd pomocn\u00edk pri narez\u00e1vani kv\u00e1skov\u00e9ho chleb\u00edka<\/p>\n<p>Okruhly s puzdrom<\/p>\n<p>-dod\u00e1vame bez \u017eiletky<\/p>\n<p>-do\u00a0 pozn\u00e1mky si nap\u00ed\u0161te aku si \u017eel\u00e1te farbu<\/p>\n<p>&nbsp;<\/p>\n<p>&nbsp;<\/p>","protected":false},"excerpt":{"rendered":"<p>\u0160tylov\u00fd praktick\u00fd pomocn\u00edk pri narez\u00e1vani kv\u00e1skov\u00e9ho chleb\u00edka<\/p>\n<p>Okruhly s puzdrom<\/p>\n<p>-dod\u00e1vame bez \u017eiletky<\/p>\n<p>-do\u00a0 pozn\u00e1mky si nap\u00ed\u0161te aku si \u017eel\u00e1te farbu<\/p>","protected":false},"featured_media":4517,"comment_status":"open","ping_status":"closed","template":"","meta":{"_et_pb_use_builder":"","_et_pb_old_content":"","_et_gb_content_width":"","iawp_total_views":7},"product_brand":[],"product_cat":[15],"product_tag":[704,703,702],"class_list":{"0":"post-4516","1":"product","2":"type-product","3":"status-publish","4":"has-post-thumbnail","6":"product_cat-vykrajovacky","7":"product_tag-chlieb","8":"product_tag-narezavac","9":"product_tag-narezavatko","10":"wcpa_has_options","12":"first","13":"instock","14":"sale","15":"purchasable","16":"product-type-simple"},"jetpack_sharing_enabled":true,"_links":{"self":[{"href":"https:\/\/www.3dprintrg.sk\/cz\/wp-json\/wp\/v2\/product\/4516","targetHints":{"allow":["GET"]}}],"collection":[{"href":"https:\/\/www.3dprintrg.sk\/cz\/wp-json\/wp\/v2\/product"}],"about":[{"href":"https:\/\/www.3dprintrg.sk\/cz\/wp-json\/wp\/v2\/types\/product"}],"replies":[{"embeddable":true,"href":"https:\/\/www.3dprintrg.sk\/cz\/wp-json\/wp\/v2\/comments?post=4516"}],"wp:featuredmedia":[{"embeddable":true,"href":"https:\/\/www.3dprintrg.sk\/cz\/wp-json\/wp\/v2\/media\/4517"}],"wp:attachment":[{"href":"https:\/\/www.3dprintrg.sk\/cz\/wp-json\/wp\/v2\/media?parent=4516"}],"wp:term":[{"taxonomy":"product_brand","embeddable":true,"href":"https:\/\/www.3dprintrg.sk\/cz\/wp-json\/wp\/v2\/product_brand?post=4516"},{"taxonomy":"product_cat","embeddable":true,"href":"https:\/\/www.3dprintrg.sk\/cz\/wp-json\/wp\/v2\/product_cat?post=4516"},{"taxonomy":"product_tag","embeddable":true,"href":"https:\/\/www.3dprintrg.sk\/cz\/wp-json\/wp\/v2\/product_tag?post=4516"}],"curies":[{"name":"wp","href":"https:\/\/api.w.org\/{rel}","templated":true}]}}