{"id":4519,"date":"2026-04-22T19:18:56","date_gmt":"2026-04-22T17:18:56","guid":{"rendered":"https:\/\/www.3dprintrg.sk\/?post_type=product&#038;p=4519"},"modified":"2026-04-22T19:18:57","modified_gmt":"2026-04-22T17:18:57","slug":"zapich-na-1-svate-prijimanie-s-krizikom","status":"publish","type":"product","link":"https:\/\/www.3dprintrg.sk\/cz\/produkt\/zapich-na-1-svate-prijimanie-s-krizikom\/","title":{"rendered":"Zapich na 1.sv\u00e4t\u00e9 prij\u00edmanie s kri\u017eikom"},"content":{"rendered":"<p>Zlat\u00fd zrkadlov\u00fd z\u00e1pich na 1.sv\u00e4t\u00e9 prij\u00edmanie s kri\u017eikom<\/p>\n<p>Dl\u017eka 14 cm<\/p>\n<p>kri\u017eik 8 cm<\/p>\n<p>&nbsp;<\/p>","protected":false},"excerpt":{"rendered":"<p>Zlat\u00fd zrkadlov\u00fd z\u00e1pich na 1.sv\u00e4t\u00e9 prij\u00edmanie s kri\u017eikom<\/p>\n<p>Dl\u017eka 14 cm<\/p>\n<p>kri\u017eik 8 cm<\/p>","protected":false},"featured_media":4520,"comment_status":"open","ping_status":"closed","template":"","meta":{"_et_pb_use_builder":"","_et_pb_old_content":"","_et_gb_content_width":"","iawp_total_views":16},"product_brand":[],"product_cat":[495,24,49],"product_tag":[193,257,496],"class_list":{"0":"post-4519","1":"product","2":"type-product","3":"status-publish","4":"has-post-thumbnail","6":"product_cat-zrkadlove-zapichy","7":"product_cat-cirkevne-zapichy","8":"product_cat-prijimanie","9":"product_tag-krizik","10":"product_tag-prijimanie","11":"product_tag-zrkadlovy-zapich","13":"first","14":"instock","15":"purchasable","16":"product-type-simple"},"jetpack_sharing_enabled":true,"_links":{"self":[{"href":"https:\/\/www.3dprintrg.sk\/cz\/wp-json\/wp\/v2\/product\/4519","targetHints":{"allow":["GET"]}}],"collection":[{"href":"https:\/\/www.3dprintrg.sk\/cz\/wp-json\/wp\/v2\/product"}],"about":[{"href":"https:\/\/www.3dprintrg.sk\/cz\/wp-json\/wp\/v2\/types\/product"}],"replies":[{"embeddable":true,"href":"https:\/\/www.3dprintrg.sk\/cz\/wp-json\/wp\/v2\/comments?post=4519"}],"wp:featuredmedia":[{"embeddable":true,"href":"https:\/\/www.3dprintrg.sk\/cz\/wp-json\/wp\/v2\/media\/4520"}],"wp:attachment":[{"href":"https:\/\/www.3dprintrg.sk\/cz\/wp-json\/wp\/v2\/media?parent=4519"}],"wp:term":[{"taxonomy":"product_brand","embeddable":true,"href":"https:\/\/www.3dprintrg.sk\/cz\/wp-json\/wp\/v2\/product_brand?post=4519"},{"taxonomy":"product_cat","embeddable":true,"href":"https:\/\/www.3dprintrg.sk\/cz\/wp-json\/wp\/v2\/product_cat?post=4519"},{"taxonomy":"product_tag","embeddable":true,"href":"https:\/\/www.3dprintrg.sk\/cz\/wp-json\/wp\/v2\/product_tag?post=4519"}],"curies":[{"name":"wp","href":"https:\/\/api.w.org\/{rel}","templated":true}]}}