{"id":4524,"date":"2026-04-23T14:21:08","date_gmt":"2026-04-23T12:21:08","guid":{"rendered":"https:\/\/www.3dprintrg.sk\/?post_type=product&#038;p=4524"},"modified":"2026-04-23T14:21:08","modified_gmt":"2026-04-23T12:21:08","slug":"dekoracne-svietniky","status":"publish","type":"product","link":"https:\/\/www.3dprintrg.sk\/cz\/produkt\/dekoracne-svietniky\/","title":{"rendered":"Dekora\u010dn\u00e9 svietniky"},"content":{"rendered":"<p>Dekora\u010dn\u00e9 \u010dierne trblietkav\u00e9 svietniky<\/p>\n<p>Dva kusy v baleni<\/p>\n<p>V\u00fd\u0161ka 18 a 13 cm<\/p>\n<p>&nbsp;<\/p>","protected":false},"excerpt":{"rendered":"<p>Dekora\u010dn\u00e9 \u010dierne trblietkav\u00e9 svietniky<\/p>\n<p>Dva kusy v baleni<\/p>\n<p>V\u00fd\u0161ka 18 a 13 cm<\/p>\n<p>&nbsp;<\/p>","protected":false},"featured_media":4527,"comment_status":"open","ping_status":"closed","template":"","meta":{"_et_pb_use_builder":"","_et_pb_old_content":"","_et_gb_content_width":"","iawp_total_views":4},"product_brand":[],"product_cat":[31],"product_tag":[706,705],"class_list":{"0":"post-4524","1":"product","2":"type-product","3":"status-publish","4":"has-post-thumbnail","6":"product_cat-dekoracie","7":"product_tag-svietnik","8":"product_tag-svietniky","10":"first","11":"instock","12":"sale","13":"purchasable","14":"product-type-simple"},"jetpack_sharing_enabled":true,"_links":{"self":[{"href":"https:\/\/www.3dprintrg.sk\/cz\/wp-json\/wp\/v2\/product\/4524","targetHints":{"allow":["GET"]}}],"collection":[{"href":"https:\/\/www.3dprintrg.sk\/cz\/wp-json\/wp\/v2\/product"}],"about":[{"href":"https:\/\/www.3dprintrg.sk\/cz\/wp-json\/wp\/v2\/types\/product"}],"replies":[{"embeddable":true,"href":"https:\/\/www.3dprintrg.sk\/cz\/wp-json\/wp\/v2\/comments?post=4524"}],"wp:featuredmedia":[{"embeddable":true,"href":"https:\/\/www.3dprintrg.sk\/cz\/wp-json\/wp\/v2\/media\/4527"}],"wp:attachment":[{"href":"https:\/\/www.3dprintrg.sk\/cz\/wp-json\/wp\/v2\/media?parent=4524"}],"wp:term":[{"taxonomy":"product_brand","embeddable":true,"href":"https:\/\/www.3dprintrg.sk\/cz\/wp-json\/wp\/v2\/product_brand?post=4524"},{"taxonomy":"product_cat","embeddable":true,"href":"https:\/\/www.3dprintrg.sk\/cz\/wp-json\/wp\/v2\/product_cat?post=4524"},{"taxonomy":"product_tag","embeddable":true,"href":"https:\/\/www.3dprintrg.sk\/cz\/wp-json\/wp\/v2\/product_tag?post=4524"}],"curies":[{"name":"wp","href":"https:\/\/api.w.org\/{rel}","templated":true}]}}