{"id":4532,"date":"2026-04-23T20:29:57","date_gmt":"2026-04-23T18:29:57","guid":{"rendered":"https:\/\/www.3dprintrg.sk\/?post_type=product&#038;p=4532"},"modified":"2026-04-23T20:29:57","modified_gmt":"2026-04-23T18:29:57","slug":"dievca-na-prijimanie-na-predok-torty-2","status":"publish","type":"product","link":"https:\/\/www.3dprintrg.sk\/cz\/produkt\/dievca-na-prijimanie-na-predok-torty-2\/","title":{"rendered":"Diev\u010da na prijimanie na predok torty"},"content":{"rendered":"<p>Diev\u010da v bielych \u0161at\u00e1ch na predok torty na prij\u00edmanie<\/p>\n<p>V\u00fd\u0161ka 10 cm<\/p>\n<p>-nejedl\u00e1 dekor\u00e1cia<\/p>\n<p>Dekor\u00e1cia je vyroben\u00e1 z PLA plastu,plast je vyroben\u00fd z obnovite\u013en\u00fdch zdrojov, ako je kukuri\u010dn\u00fd \u0161krob, cukrov\u00e1 trstina alebo zemiakov\u00fd \u0161krob,PLA plast je netoxick\u00fd a bezpe\u010dn\u00fd na styk s potravinami.<\/p>","protected":false},"excerpt":{"rendered":"<p>Diev\u010da v bielych \u0161at\u00e1ch na predok torty na prij\u00edmanie<\/p>\n<p>V\u00fd\u0161ka 10 cm<\/p>\n<p>-nejedl\u00e1 dekor\u00e1cia<\/p>","protected":false},"featured_media":4533,"comment_status":"open","ping_status":"closed","template":"","meta":{"_et_pb_use_builder":"","_et_pb_old_content":"","_et_gb_content_width":"","iawp_total_views":41},"product_brand":[],"product_cat":[24,77,49],"product_tag":[572,707,257],"class_list":{"0":"post-4532","1":"product","2":"type-product","3":"status-publish","4":"has-post-thumbnail","6":"product_cat-cirkevne-zapichy","7":"product_cat-rozne","8":"product_cat-prijimanie","9":"product_tag-dievca","10":"product_tag-dievca-na-prijimaniem","11":"product_tag-prijimanie","13":"first","14":"instock","15":"sale","16":"purchasable","17":"product-type-simple"},"jetpack_sharing_enabled":true,"_links":{"self":[{"href":"https:\/\/www.3dprintrg.sk\/cz\/wp-json\/wp\/v2\/product\/4532","targetHints":{"allow":["GET"]}}],"collection":[{"href":"https:\/\/www.3dprintrg.sk\/cz\/wp-json\/wp\/v2\/product"}],"about":[{"href":"https:\/\/www.3dprintrg.sk\/cz\/wp-json\/wp\/v2\/types\/product"}],"replies":[{"embeddable":true,"href":"https:\/\/www.3dprintrg.sk\/cz\/wp-json\/wp\/v2\/comments?post=4532"}],"wp:featuredmedia":[{"embeddable":true,"href":"https:\/\/www.3dprintrg.sk\/cz\/wp-json\/wp\/v2\/media\/4533"}],"wp:attachment":[{"href":"https:\/\/www.3dprintrg.sk\/cz\/wp-json\/wp\/v2\/media?parent=4532"}],"wp:term":[{"taxonomy":"product_brand","embeddable":true,"href":"https:\/\/www.3dprintrg.sk\/cz\/wp-json\/wp\/v2\/product_brand?post=4532"},{"taxonomy":"product_cat","embeddable":true,"href":"https:\/\/www.3dprintrg.sk\/cz\/wp-json\/wp\/v2\/product_cat?post=4532"},{"taxonomy":"product_tag","embeddable":true,"href":"https:\/\/www.3dprintrg.sk\/cz\/wp-json\/wp\/v2\/product_tag?post=4532"}],"curies":[{"name":"wp","href":"https:\/\/api.w.org\/{rel}","templated":true}]}}