{"id":4543,"date":"2026-04-28T09:00:52","date_gmt":"2026-04-28T07:00:52","guid":{"rendered":"https:\/\/www.3dprintrg.sk\/?post_type=product&#038;p=4543"},"modified":"2026-04-28T09:00:53","modified_gmt":"2026-04-28T07:00:53","slug":"kalich-2","status":"publish","type":"product","link":"https:\/\/www.3dprintrg.sk\/cz\/produkt\/kalich-2\/","title":{"rendered":"Kalich"},"content":{"rendered":"<div class=\"et_pb_module et_pb_wc_description et_pb_wc_description_0_tb_body et_pb_bg_layout_light  et_pb_text_align_left\">\n<div class=\"et_pb_module_inner\">\n<p>3D kalich na prij\u00edmanie<br \/>\nV\u00fd\u0161ka 12 cm<br \/>\n-nejedl\u00e1 dekor\u00e1cia<\/p>\n<p>Dekor\u00e1cia je vyroben\u00e1 z PLA plastu,plast je vyroben\u00fd z obnovite\u013en\u00fdch zdrojov, ako je kukuri\u010dn\u00fd \u0161krob, cukrov\u00e1 trstina alebo zemiakov\u00fd \u0161krob,PLA plast je netoxick\u00fd a bezpe\u010dn\u00fd na styk s potravinami.<\/p>\n<\/div>\n<\/div>\n<div class=\"et_pb_module et_pb_wc_add_to_cart et_pb_wc_add_to_cart_0_tb_body et_pb_fields_label_position_default et_pb_bg_layout_  et_pb_text_align_left\">\n<div class=\"et_pb_module_inner\">\n<form class=\"cart\" action=\"https:\/\/www.3dprintrg.sk\/cz\/produkt\/3d-kalich\/\" enctype=\"multipart\/form-data\" method=\"post\" data-trp-original-action=\"https:\/\/www.3dprintrg.sk\/produkt\/3d-kalich\/\">\n<div class=\"quantity\"><\/div>\n<input type=\"hidden\" name=\"trp-form-language\" value=\"cz\"\/><\/form>\n<\/div>\n<\/div>","protected":false},"excerpt":{"rendered":"<div class=\"et_pb_module et_pb_wc_description et_pb_wc_description_0_tb_body et_pb_bg_layout_light  et_pb_text_align_left\">\n<div class=\"et_pb_module_inner\">\n<p>3D kalich na prij\u00edmanie<br \/>\nV\u00fd\u0161ka 12 cm<br \/>\n-nejedl\u00e1 dekor\u00e1cia<\/p>\n<\/div>\n<\/div>\n<div class=\"et_pb_module et_pb_wc_add_to_cart et_pb_wc_add_to_cart_0_tb_body et_pb_fields_label_position_default et_pb_bg_layout_  et_pb_text_align_left\">\n<div class=\"et_pb_module_inner\">\n<form class=\"cart\" action=\"https:\/\/www.3dprintrg.sk\/cz\/produkt\/3d-kalich\/\" enctype=\"multipart\/form-data\" method=\"post\" data-trp-original-action=\"https:\/\/www.3dprintrg.sk\/produkt\/3d-kalich\/\">\n<div class=\"quantity\"><\/div>\n<input type=\"hidden\" name=\"trp-form-language\" value=\"cz\"\/><\/form>\n<\/div>\n<\/div>","protected":false},"featured_media":4546,"comment_status":"open","ping_status":"closed","template":"","meta":{"_et_pb_use_builder":"","_et_pb_old_content":"","_et_gb_content_width":"","iawp_total_views":4},"product_brand":[],"product_cat":[24,77,49],"product_tag":[344],"class_list":{"0":"post-4543","1":"product","2":"type-product","3":"status-publish","4":"has-post-thumbnail","6":"product_cat-cirkevne-zapichy","7":"product_cat-rozne","8":"product_cat-prijimanie","9":"product_tag-kalich","11":"first","12":"instock","13":"purchasable","14":"product-type-variable"},"jetpack_sharing_enabled":true,"_links":{"self":[{"href":"https:\/\/www.3dprintrg.sk\/cz\/wp-json\/wp\/v2\/product\/4543","targetHints":{"allow":["GET"]}}],"collection":[{"href":"https:\/\/www.3dprintrg.sk\/cz\/wp-json\/wp\/v2\/product"}],"about":[{"href":"https:\/\/www.3dprintrg.sk\/cz\/wp-json\/wp\/v2\/types\/product"}],"replies":[{"embeddable":true,"href":"https:\/\/www.3dprintrg.sk\/cz\/wp-json\/wp\/v2\/comments?post=4543"}],"wp:featuredmedia":[{"embeddable":true,"href":"https:\/\/www.3dprintrg.sk\/cz\/wp-json\/wp\/v2\/media\/4546"}],"wp:attachment":[{"href":"https:\/\/www.3dprintrg.sk\/cz\/wp-json\/wp\/v2\/media?parent=4543"}],"wp:term":[{"taxonomy":"product_brand","embeddable":true,"href":"https:\/\/www.3dprintrg.sk\/cz\/wp-json\/wp\/v2\/product_brand?post=4543"},{"taxonomy":"product_cat","embeddable":true,"href":"https:\/\/www.3dprintrg.sk\/cz\/wp-json\/wp\/v2\/product_cat?post=4543"},{"taxonomy":"product_tag","embeddable":true,"href":"https:\/\/www.3dprintrg.sk\/cz\/wp-json\/wp\/v2\/product_tag?post=4543"}],"curies":[{"name":"wp","href":"https:\/\/api.w.org\/{rel}","templated":true}]}}