{"id":4553,"date":"2026-04-30T10:34:49","date_gmt":"2026-04-30T08:34:49","guid":{"rendered":"https:\/\/www.3dprintrg.sk\/?post_type=product&#038;p=4553"},"modified":"2026-04-30T10:34:50","modified_gmt":"2026-04-30T08:34:50","slug":"3d-traktor-bager","status":"publish","type":"product","link":"https:\/\/www.3dprintrg.sk\/cz\/produkt\/3d-traktor-bager\/","title":{"rendered":"3D traktor bager"},"content":{"rendered":"<p>3D tla\u010den\u00fd traktor bager, v\u010faka ru\u010dn\u00e9mu ma\u013eovaniu ma vzh\u013ead ,, \u0161pinaveho,,stroja ako z ter\u00e9nu<\/p>\n<p>-nejedl\u00e1 dekor\u00e1cia<\/p>\n<p>-rozmer cca 14&#215;8 cm<\/p>\n<p>Dekor\u00e1cia je vyroben\u00e1 z PLA plastu,plast je vyroben\u00fd z obnovite\u013en\u00fdch zdrojov, ako je kukuri\u010dn\u00fd \u0161krob, cukrov\u00e1 trstina alebo zemiakov\u00fd \u0161krob,PLA plast je netoxick\u00fd a bezpe\u010dn\u00fd na styk s potravinami.<\/p>\n<p>&nbsp;<\/p>\n<p>&nbsp;<\/p>","protected":false},"excerpt":{"rendered":"<p>3D tla\u010den\u00fd traktor bager, v\u010faka ru\u010dn\u00e9mu ma\u013eovaniu ma vzh\u013ead ,, \u0161pinaveho,,stroja ako z ter\u00e9nu<\/p>\n<p>-nejedl\u00e1 dekor\u00e1cia<\/p>\n<p>-rozmer cca 14&#215;8 cm<\/p>","protected":false},"featured_media":4562,"comment_status":"open","ping_status":"closed","template":"","meta":{"_et_pb_use_builder":"","_et_pb_old_content":"","_et_gb_content_width":"","iawp_total_views":0},"product_brand":[],"product_cat":[77],"product_tag":[87,86],"class_list":{"0":"post-4553","1":"product","2":"type-product","3":"status-publish","4":"has-post-thumbnail","6":"product_cat-rozne","7":"product_tag-bager","8":"product_tag-traktor","10":"first","11":"instock","12":"sale","13":"purchasable","14":"product-type-variable"},"jetpack_sharing_enabled":true,"_links":{"self":[{"href":"https:\/\/www.3dprintrg.sk\/cz\/wp-json\/wp\/v2\/product\/4553","targetHints":{"allow":["GET"]}}],"collection":[{"href":"https:\/\/www.3dprintrg.sk\/cz\/wp-json\/wp\/v2\/product"}],"about":[{"href":"https:\/\/www.3dprintrg.sk\/cz\/wp-json\/wp\/v2\/types\/product"}],"replies":[{"embeddable":true,"href":"https:\/\/www.3dprintrg.sk\/cz\/wp-json\/wp\/v2\/comments?post=4553"}],"wp:featuredmedia":[{"embeddable":true,"href":"https:\/\/www.3dprintrg.sk\/cz\/wp-json\/wp\/v2\/media\/4562"}],"wp:attachment":[{"href":"https:\/\/www.3dprintrg.sk\/cz\/wp-json\/wp\/v2\/media?parent=4553"}],"wp:term":[{"taxonomy":"product_brand","embeddable":true,"href":"https:\/\/www.3dprintrg.sk\/cz\/wp-json\/wp\/v2\/product_brand?post=4553"},{"taxonomy":"product_cat","embeddable":true,"href":"https:\/\/www.3dprintrg.sk\/cz\/wp-json\/wp\/v2\/product_cat?post=4553"},{"taxonomy":"product_tag","embeddable":true,"href":"https:\/\/www.3dprintrg.sk\/cz\/wp-json\/wp\/v2\/product_tag?post=4553"}],"curies":[{"name":"wp","href":"https:\/\/api.w.org\/{rel}","templated":true}]}}